{"id":65,"date":"2026-03-30T22:32:53","date_gmt":"2026-03-30T15:32:53","guid":{"rendered":"https:\/\/meeplus.id.vn\/?post_type=product&#038;p=65"},"modified":"2026-03-31T07:18:21","modified_gmt":"2026-03-31T00:18:21","slug":"op-lung-magsafe-iphone-17-pro-max-pc-tpu-jinya","status":"publish","type":"product","link":"https:\/\/meeplus.id.vn\/index.php\/san-pham\/op-lung-magsafe-iphone-17-pro-max-pc-tpu-jinya\/","title":{"rendered":"\u1ed0p l\u01b0ng MagSafe iPhone 17 Pro Max PC TPU JINYA"},"content":{"rendered":"<p>\u1ed0p l\u01b0ng MagSafe iPhone 17 Pro Max PC TPU JINYA l\u00e0 ph\u1ee5 ki\u1ec7n ho\u00e0n h\u1ea3o d\u00e0nh cho nh\u1eefng ng\u01b0\u1eddi d\u00f9ng mu\u1ed1n b\u1ea3o v\u1ec7 to\u00e0n di\u1ec7n chi\u1ebfc \u0111i\u1ec7n tho\u1ea1i cao c\u1ea5p c\u1ee7a m\u00ecnh m\u00e0 v\u1eabn t\u1eadn h\u01b0\u1edfng s\u1ef1 ti\u1ec7n l\u1ee3i c\u1ee7a c\u00f4ng ngh\u1ec7 MagSafe. V\u1edbi thi\u1ebft k\u1ebf trong su\u1ed1t tinh t\u1ebf, chi\u1ebfc \u1ed1p n\u00e0y kh\u00f4ng ch\u1ec9 b\u1ea3o v\u1ec7 m\u00e0 c\u00f2n gi\u00fap khoe tr\u1ecdn v\u1ebb \u0111\u1eb9p nguy\u00ean b\u1ea3n c\u1ee7a iPhone 17 Pro Max.<br \/>\n\u2022 \u1ed0p l\u01b0ng \u0111i\u1ec7n tho\u1ea1i JINYA \u0111\u01b0\u1ee3c thi\u1ebft k\u1ebf ri\u00eang bi\u1ec7t cho m\u1eabu iPhone 17 Pro Max, \u0111\u1ea3m b\u1ea3o s\u1ef1 v\u1eeba v\u1eb7n tuy\u1ec7t \u0111\u1ed1i, \u00f4m kh\u00edt t\u1eebng chi ti\u1ebft. T\u1eeb c\u1ee5m camera l\u1edbn, c\u00e1c n\u00fat b\u1ea5m v\u1eadt l\u00fd \u0111\u1ebfn c\u1ed5ng s\u1ea1c \u0111\u1ec1u \u0111\u01b0\u1ee3c c\u1eaft g\u1ecdt ch\u00ednh x\u00e1c, gi\u00fap d\u1ec5 d\u00e0ng thao t\u00e1c m\u00e0 v\u1eabn \u0111\u01b0\u1ee3c b\u1ea3o v\u1ec7 kh\u1ecfi b\u1ee5i b\u1ea9n. V\u00f2ng MagSafe \u0111\u01b0\u1ee3c t\u00edch h\u1ee3p ngay tr\u00ean m\u1eb7t l\u01b0ng, \u0111\u1ea3m b\u1ea3o k\u1ebft n\u1ed1i s\u1ea1c kh\u00f4ng d\u00e2y nhanh ch\u00f3ng v\u00e0 \u1ed5n \u0111\u1ecbnh.<\/p>\n<p>\u2022 \u1ed0p l\u01b0ng \u0111i\u1ec7n tho\u1ea1i n\u00e0y l\u00e0 s\u1ef1 k\u1ebft h\u1ee3p th\u00f4ng minh c\u1ee7a hai lo\u1ea1i ch\u1ea5t li\u1ec7u b\u1ec1n b\u1ec9 l\u00e0 nh\u1ef1a PC c\u1ee9ng c\u00e1p \u1edf m\u1eb7t l\u01b0ng v\u00e0 TPU d\u1ebbo dai \u1edf vi\u1ec1n. M\u1eb7t l\u01b0ng PC trong su\u1ed1t, ch\u1ed1ng \u1ed1 v\u00e0ng hi\u1ec7u qu\u1ea3, gi\u1eef cho \u1ed1p lu\u00f4n m\u1edbi. Vi\u1ec1n TPU linh ho\u1ea1t gi\u00fap h\u1ea5p th\u1ee5 l\u1ef1c s\u1ed1c khi va \u0111\u1eadp, \u0111\u1eb7c bi\u1ec7t \u1edf c\u00e1c g\u00f3c, mang l\u1ea1i kh\u1ea3 n\u0103ng ch\u1ed1ng r\u01a1i r\u1edbt v\u01b0\u1ee3t tr\u1ed9i.<\/p>\n<p>\u2022 V\u1edbi c\u1ea5u t\u1ea1o m\u1ecfng nh\u1eb9 v\u00e0 ch\u1ea5t li\u1ec7u cao c\u1ea5p, chi\u1ebfc \u1ed1p l\u01b0ng iPhone 17 Pro Max n\u00e0y mang l\u1ea1i c\u1ea3m gi\u00e1c c\u1ea7m n\u1eafm v\u00f4 c\u00f9ng tho\u1ea3i m\u00e1i v\u00e0 ch\u1eafc ch\u1eafn. \u1ed0p \u00f4m s\u00e1t th\u00e2n iPhone 17, kh\u00f4ng g\u00e2y c\u1ea3m gi\u00e1c c\u1ed3ng k\u1ec1nh, d\u1ec5 d\u00e0ng b\u1ecf t\u00fai. Kh\u1ea3 n\u0103ng t\u01b0\u01a1ng th\u00edch MagSafe ho\u00e0n h\u1ea3o cho ph\u00e9p b\u1ea1n g\u1eafn c\u00e1c ph\u1ee5 ki\u1ec7n s\u1ea1c v\u00e0 v\u00ed da m\u1ed9t c\u00e1ch nhanh ch\u00f3ng v\u00e0 an to\u00e0n, t\u1ed1i \u01b0u h\u00f3a tr\u1ea3i nghi\u1ec7m s\u1eed d\u1ee5ng h\u00e0ng ng\u00e0y.<\/p>\n<p>L\u01b0u \u00fd: Thanh to\u00e1n tr\u01b0\u1edbc khi m\u1edf seal.<\/p>\n","protected":false},"excerpt":{"rendered":"<p>\u1ed0p l\u01b0ng MagSafe iPhone 17 Pro Max PC TPU JINYA l\u00e0 ph\u1ee5 ki\u1ec7n ho\u00e0n h\u1ea3o d\u00e0nh cho nh\u1eefng ng\u01b0\u1eddi d\u00f9ng mu\u1ed1n b\u1ea3o v\u1ec7 to\u00e0n di\u1ec7n chi\u1ebfc \u0111i\u1ec7n tho\u1ea1i cao c\u1ea5p c\u1ee7a m\u00ecnh m\u00e0 v\u1eabn t\u1eadn h\u01b0\u1edfng s\u1ef1 ti\u1ec7n l\u1ee3i c\u1ee7a c\u00f4ng ngh\u1ec7 MagSafe. V\u1edbi thi\u1ebft k\u1ebf trong su\u1ed1t tinh t\u1ebf, chi\u1ebfc \u1ed1p n\u00e0y kh\u00f4ng ch\u1ec9 [&#8230;]\n","protected":false},"featured_media":173,"comment_status":"open","ping_status":"closed","template":"","meta":[],"product_brand":[22],"product_cat":[19,18],"product_tag":[],"class_list":{"0":"post-65","1":"product","2":"type-product","3":"status-publish","4":"has-post-thumbnail","6":"product_brand-apple","7":"product_cat-apple","8":"product_cat-op-lung","10":"first","11":"instock","12":"sale","13":"shipping-taxable","14":"purchasable","15":"product-type-simple"},"_links":{"self":[{"href":"https:\/\/meeplus.id.vn\/index.php\/wp-json\/wp\/v2\/product\/65","targetHints":{"allow":["GET"]}}],"collection":[{"href":"https:\/\/meeplus.id.vn\/index.php\/wp-json\/wp\/v2\/product"}],"about":[{"href":"https:\/\/meeplus.id.vn\/index.php\/wp-json\/wp\/v2\/types\/product"}],"replies":[{"embeddable":true,"href":"https:\/\/meeplus.id.vn\/index.php\/wp-json\/wp\/v2\/comments?post=65"}],"wp:featuredmedia":[{"embeddable":true,"href":"https:\/\/meeplus.id.vn\/index.php\/wp-json\/wp\/v2\/media\/173"}],"wp:attachment":[{"href":"https:\/\/meeplus.id.vn\/index.php\/wp-json\/wp\/v2\/media?parent=65"}],"wp:term":[{"taxonomy":"product_brand","embeddable":true,"href":"https:\/\/meeplus.id.vn\/index.php\/wp-json\/wp\/v2\/product_brand?post=65"},{"taxonomy":"product_cat","embeddable":true,"href":"https:\/\/meeplus.id.vn\/index.php\/wp-json\/wp\/v2\/product_cat?post=65"},{"taxonomy":"product_tag","embeddable":true,"href":"https:\/\/meeplus.id.vn\/index.php\/wp-json\/wp\/v2\/product_tag?post=65"}],"curies":[{"name":"wp","href":"https:\/\/api.w.org\/{rel}","templated":true}]}}