{"id":243,"date":"2026-03-31T08:19:28","date_gmt":"2026-03-31T01:19:28","guid":{"rendered":"https:\/\/meeplus.id.vn\/?post_type=product&#038;p=243"},"modified":"2026-03-31T08:19:28","modified_gmt":"2026-03-31T01:19:28","slug":"cap-sac-nhanh-va-truyen-du-lieu-type-c-lightning-87w-1m-apple-mm0a3","status":"publish","type":"product","link":"https:\/\/meeplus.id.vn\/index.php\/san-pham\/cap-sac-nhanh-va-truyen-du-lieu-type-c-lightning-87w-1m-apple-mm0a3\/","title":{"rendered":"C\u00e1p s\u1ea1c nhanh v\u00e0 truy\u1ec1n d\u1eef li\u1ec7u Type-C &#8211; Lightning 87W 1m Apple MM0A3"},"content":{"rendered":"<p>C\u00f4ng ngh\u1ec7\/Ti\u1ec7n \u00edch:<br \/>\nH\u1ed7 tr\u1ee3 s\u1ea1c nhanh<br \/>\nCh\u1ee9c n\u0103ng:<br \/>\nS\u1ea1c<br \/>\nTruy\u1ec1n d\u1eef li\u1ec7u<br \/>\n\u0110\u1ea7u v\u00e0o:<br \/>\nUSB Type-C<br \/>\n\u0110\u1ea7u ra:<br \/>\nLightning<br \/>\nT\u1ed1c \u0111\u1ed9 truy\u1ec1n d\u1eef li\u1ec7u:<br \/>\n400 Mbps<br \/>\n\u0110\u1ed9 d\u00e0i d\u00e2y:<br \/>\n1 m<br \/>\nC\u00f4ng su\u1ea5t t\u1ed1i \u0111a:<br \/>\n87 W<br \/>\nS\u1ea3n xu\u1ea5t t\u1ea1i:<br \/>\nVi\u1ec7t Nam\/Trung Qu\u1ed1c (t\u00f9y l\u00f4 h\u00e0ng)<br \/>\nTh\u01b0\u01a1ng hi\u1ec7u c\u1ee7a:<br \/>\nM\u1ef9<br \/>\nH\u00e3ng:<br \/>\nApple.<\/p>\n","protected":false},"excerpt":{"rendered":"<p>C\u00f4ng ngh\u1ec7\/Ti\u1ec7n \u00edch: H\u1ed7 tr\u1ee3 s\u1ea1c nhanh Ch\u1ee9c n\u0103ng: S\u1ea1c Truy\u1ec1n d\u1eef li\u1ec7u \u0110\u1ea7u v\u00e0o: USB Type-C \u0110\u1ea7u ra: Lightning T\u1ed1c \u0111\u1ed9 truy\u1ec1n d\u1eef li\u1ec7u: 400 Mbps \u0110\u1ed9 d\u00e0i d\u00e2y: 1 m C\u00f4ng su\u1ea5t t\u1ed1i \u0111a: 87 W S\u1ea3n xu\u1ea5t t\u1ea1i: Vi\u1ec7t Nam\/Trung Qu\u1ed1c (t\u00f9y l\u00f4 h\u00e0ng) Th\u01b0\u01a1ng hi\u1ec7u c\u1ee7a: M\u1ef9 H\u00e3ng: Apple.<\/p>\n","protected":false},"featured_media":235,"comment_status":"open","ping_status":"closed","template":"","meta":[],"product_brand":[],"product_cat":[26],"product_tag":[],"class_list":{"0":"post-243","1":"product","2":"type-product","3":"status-publish","4":"has-post-thumbnail","6":"product_cat-cap-sac","8":"first","9":"instock","10":"shipping-taxable","11":"purchasable","12":"product-type-simple"},"_links":{"self":[{"href":"https:\/\/meeplus.id.vn\/index.php\/wp-json\/wp\/v2\/product\/243","targetHints":{"allow":["GET"]}}],"collection":[{"href":"https:\/\/meeplus.id.vn\/index.php\/wp-json\/wp\/v2\/product"}],"about":[{"href":"https:\/\/meeplus.id.vn\/index.php\/wp-json\/wp\/v2\/types\/product"}],"replies":[{"embeddable":true,"href":"https:\/\/meeplus.id.vn\/index.php\/wp-json\/wp\/v2\/comments?post=243"}],"wp:featuredmedia":[{"embeddable":true,"href":"https:\/\/meeplus.id.vn\/index.php\/wp-json\/wp\/v2\/media\/235"}],"wp:attachment":[{"href":"https:\/\/meeplus.id.vn\/index.php\/wp-json\/wp\/v2\/media?parent=243"}],"wp:term":[{"taxonomy":"product_brand","embeddable":true,"href":"https:\/\/meeplus.id.vn\/index.php\/wp-json\/wp\/v2\/product_brand?post=243"},{"taxonomy":"product_cat","embeddable":true,"href":"https:\/\/meeplus.id.vn\/index.php\/wp-json\/wp\/v2\/product_cat?post=243"},{"taxonomy":"product_tag","embeddable":true,"href":"https:\/\/meeplus.id.vn\/index.php\/wp-json\/wp\/v2\/product_tag?post=243"}],"curies":[{"name":"wp","href":"https:\/\/api.w.org\/{rel}","templated":true}]}}