{"id":241,"date":"2026-03-31T08:17:25","date_gmt":"2026-03-31T01:17:25","guid":{"rendered":"https:\/\/meeplus.id.vn\/?post_type=product&#038;p=241"},"modified":"2026-03-31T08:17:25","modified_gmt":"2026-03-31T01:17:25","slug":"cap-sac-nhanh-va-truyen-du-lieu-type-c-type-c-240w-1m-ugreen-us535-15311","status":"publish","type":"product","link":"https:\/\/meeplus.id.vn\/index.php\/san-pham\/cap-sac-nhanh-va-truyen-du-lieu-type-c-type-c-240w-1m-ugreen-us535-15311\/","title":{"rendered":"C\u00e1p s\u1ea1c nhanh v\u00e0 truy\u1ec1n d\u1eef li\u1ec7u Type-C &#8211; Type-C 240W 1m Ugreen US535 15311"},"content":{"rendered":"<p>C\u00f4ng ngh\u1ec7\/Ti\u1ec7n \u00edch:<br \/>\nH\u1ed7 tr\u1ee3 s\u1ea1c nhanh<br \/>\nCh\u1ee9c n\u0103ng:<br \/>\nS\u1ea1c<br \/>\nTruy\u1ec1n d\u1eef li\u1ec7u<br \/>\n\u0110\u1ea7u v\u00e0o:<br \/>\nUSB Type-C<br \/>\n\u0110\u1ea7u ra:<br \/>\nUSB Type-C<br \/>\n\u0110\u1ed9 d\u00e0i d\u00e2y:<br \/>\n1 m<br \/>\nC\u00f4ng su\u1ea5t t\u1ed1i \u0111a:<br \/>\n240 W<br \/>\nS\u1ea3n xu\u1ea5t t\u1ea1i:<br \/>\nTrung Qu\u1ed1c<br \/>\nTh\u01b0\u01a1ng hi\u1ec7u c\u1ee7a:<br \/>\nTrung Qu\u1ed1c<br \/>\nH\u00e3ng:<br \/>\nUgreen.<\/p>\n","protected":false},"excerpt":{"rendered":"<p>C\u00f4ng ngh\u1ec7\/Ti\u1ec7n \u00edch: H\u1ed7 tr\u1ee3 s\u1ea1c nhanh Ch\u1ee9c n\u0103ng: S\u1ea1c Truy\u1ec1n d\u1eef li\u1ec7u \u0110\u1ea7u v\u00e0o: USB Type-C \u0110\u1ea7u ra: USB Type-C \u0110\u1ed9 d\u00e0i d\u00e2y: 1 m C\u00f4ng su\u1ea5t t\u1ed1i \u0111a: 240 W S\u1ea3n xu\u1ea5t t\u1ea1i: Trung Qu\u1ed1c Th\u01b0\u01a1ng hi\u1ec7u c\u1ee7a: Trung Qu\u1ed1c H\u00e3ng: Ugreen.<\/p>\n","protected":false},"featured_media":238,"comment_status":"open","ping_status":"closed","template":"","meta":[],"product_brand":[],"product_cat":[26],"product_tag":[],"class_list":{"0":"post-241","1":"product","2":"type-product","3":"status-publish","4":"has-post-thumbnail","6":"product_cat-cap-sac","8":"first","9":"instock","10":"sale","11":"shipping-taxable","12":"purchasable","13":"product-type-simple"},"_links":{"self":[{"href":"https:\/\/meeplus.id.vn\/index.php\/wp-json\/wp\/v2\/product\/241","targetHints":{"allow":["GET"]}}],"collection":[{"href":"https:\/\/meeplus.id.vn\/index.php\/wp-json\/wp\/v2\/product"}],"about":[{"href":"https:\/\/meeplus.id.vn\/index.php\/wp-json\/wp\/v2\/types\/product"}],"replies":[{"embeddable":true,"href":"https:\/\/meeplus.id.vn\/index.php\/wp-json\/wp\/v2\/comments?post=241"}],"wp:featuredmedia":[{"embeddable":true,"href":"https:\/\/meeplus.id.vn\/index.php\/wp-json\/wp\/v2\/media\/238"}],"wp:attachment":[{"href":"https:\/\/meeplus.id.vn\/index.php\/wp-json\/wp\/v2\/media?parent=241"}],"wp:term":[{"taxonomy":"product_brand","embeddable":true,"href":"https:\/\/meeplus.id.vn\/index.php\/wp-json\/wp\/v2\/product_brand?post=241"},{"taxonomy":"product_cat","embeddable":true,"href":"https:\/\/meeplus.id.vn\/index.php\/wp-json\/wp\/v2\/product_cat?post=241"},{"taxonomy":"product_tag","embeddable":true,"href":"https:\/\/meeplus.id.vn\/index.php\/wp-json\/wp\/v2\/product_tag?post=241"}],"curies":[{"name":"wp","href":"https:\/\/api.w.org\/{rel}","templated":true}]}}