{"id":232,"date":"2026-03-31T08:16:27","date_gmt":"2026-03-31T01:16:27","guid":{"rendered":"https:\/\/meeplus.id.vn\/?post_type=product&#038;p=232"},"modified":"2026-03-31T08:16:28","modified_gmt":"2026-03-31T01:16:28","slug":"cap-sac-nhanh-type-c-lightning-20w-1m-baseus-titanium-alloy-cb000135","status":"publish","type":"product","link":"https:\/\/meeplus.id.vn\/index.php\/san-pham\/cap-sac-nhanh-type-c-lightning-20w-1m-baseus-titanium-alloy-cb000135\/","title":{"rendered":"C\u00e1p s\u1ea1c nhanh Type-C &#8211; Lightning 20W 1m Baseus Titanium Alloy CB000135"},"content":{"rendered":"<p>S\u1ea1c<br \/>\n\u0110\u1ea7u v\u00e0o:<br \/>\nUSB Type-C<br \/>\n\u0110\u1ea7u ra:<br \/>\nLightning: 20 W<br \/>\n\u0110\u1ed9 d\u00e0i d\u00e2y:<br \/>\n1 m<br \/>\nC\u00f4ng su\u1ea5t t\u1ed1i \u0111a:<br \/>\n20 W<br \/>\nS\u1ea3n xu\u1ea5t t\u1ea1i:<br \/>\nTrung Qu\u1ed1c<br \/>\nTh\u01b0\u01a1ng hi\u1ec7u c\u1ee7a:<br \/>\nTrung Qu\u1ed1c<br \/>\nH\u00e3ng:<br \/>\nBaseus.<\/p>\n","protected":false},"excerpt":{"rendered":"<p>S\u1ea1c \u0110\u1ea7u v\u00e0o: USB Type-C \u0110\u1ea7u ra: Lightning: 20 W \u0110\u1ed9 d\u00e0i d\u00e2y: 1 m C\u00f4ng su\u1ea5t t\u1ed1i \u0111a: 20 W S\u1ea3n xu\u1ea5t t\u1ea1i: Trung Qu\u1ed1c Th\u01b0\u01a1ng hi\u1ec7u c\u1ee7a: Trung Qu\u1ed1c H\u00e3ng: Baseus.<\/p>\n","protected":false},"featured_media":236,"comment_status":"open","ping_status":"closed","template":"","meta":[],"product_brand":[],"product_cat":[26],"product_tag":[],"class_list":{"0":"post-232","1":"product","2":"type-product","3":"status-publish","4":"has-post-thumbnail","6":"product_cat-cap-sac","8":"first","9":"instock","10":"shipping-taxable","11":"purchasable","12":"product-type-simple"},"_links":{"self":[{"href":"https:\/\/meeplus.id.vn\/index.php\/wp-json\/wp\/v2\/product\/232","targetHints":{"allow":["GET"]}}],"collection":[{"href":"https:\/\/meeplus.id.vn\/index.php\/wp-json\/wp\/v2\/product"}],"about":[{"href":"https:\/\/meeplus.id.vn\/index.php\/wp-json\/wp\/v2\/types\/product"}],"replies":[{"embeddable":true,"href":"https:\/\/meeplus.id.vn\/index.php\/wp-json\/wp\/v2\/comments?post=232"}],"wp:featuredmedia":[{"embeddable":true,"href":"https:\/\/meeplus.id.vn\/index.php\/wp-json\/wp\/v2\/media\/236"}],"wp:attachment":[{"href":"https:\/\/meeplus.id.vn\/index.php\/wp-json\/wp\/v2\/media?parent=232"}],"wp:term":[{"taxonomy":"product_brand","embeddable":true,"href":"https:\/\/meeplus.id.vn\/index.php\/wp-json\/wp\/v2\/product_brand?post=232"},{"taxonomy":"product_cat","embeddable":true,"href":"https:\/\/meeplus.id.vn\/index.php\/wp-json\/wp\/v2\/product_cat?post=232"},{"taxonomy":"product_tag","embeddable":true,"href":"https:\/\/meeplus.id.vn\/index.php\/wp-json\/wp\/v2\/product_tag?post=232"}],"curies":[{"name":"wp","href":"https:\/\/api.w.org\/{rel}","templated":true}]}}