{"id":217,"date":"2026-03-31T08:07:07","date_gmt":"2026-03-31T01:07:07","guid":{"rendered":"https:\/\/meeplus.id.vn\/?post_type=product&#038;p=217"},"modified":"2026-03-31T08:07:07","modified_gmt":"2026-03-31T01:07:07","slug":"sac-nhanh-type-c-pd-20w-apple","status":"publish","type":"product","link":"https:\/\/meeplus.id.vn\/index.php\/san-pham\/sac-nhanh-type-c-pd-20w-apple\/","title":{"rendered":"S\u1ea1c nhanh Type-C PD 20W Apple"},"content":{"rendered":"<p>\u0110\u1eb7c \u0111i\u1ec3m n\u1ed5i b\u1eadt<\/p>\n<p>Adapter s\u1ea1c nhanh Type C d\u00e0nh cho iPhone, iPad.<br \/>\nThi\u1ebft k\u1ebf nh\u1ecf g\u1ecdn, chu\u00f4i 2 ch\u1ea5u ph\u1ed5 bi\u1ebfn.<br \/>\nC\u1ed5ng ra Type-C, k\u1ebft n\u1ed1i th\u00eam d\u00e2y c\u00e1p \u0111\u1ec3 s\u1ea1c cho \u0111i\u1ec7n tho\u1ea1i, m\u00e1y t\u00ednh b\u1ea3ng.<br \/>\nC\u00f4ng su\u1ea5t 20 W cho t\u1ed1c \u0111\u1ed9 s\u1ea1c nhanh ch\u00f3ng.<br \/>\nS\u1ea3n ph\u1ea9m ch\u00ednh h\u00e3ng Apple, nguy\u00ean seal 100%.<br \/>\nL\u01b0u \u00fd: Thanh to\u00e1n tr\u01b0\u1edbc khi m\u1edf seal.<\/p>\n","protected":false},"excerpt":{"rendered":"<p>\u0110\u1eb7c \u0111i\u1ec3m n\u1ed5i b\u1eadt Adapter s\u1ea1c nhanh Type C d\u00e0nh cho iPhone, iPad. Thi\u1ebft k\u1ebf nh\u1ecf g\u1ecdn, chu\u00f4i 2 ch\u1ea5u ph\u1ed5 bi\u1ebfn. C\u1ed5ng ra Type-C, k\u1ebft n\u1ed1i th\u00eam d\u00e2y c\u00e1p \u0111\u1ec3 s\u1ea1c cho \u0111i\u1ec7n tho\u1ea1i, m\u00e1y t\u00ednh b\u1ea3ng. C\u00f4ng su\u1ea5t 20 W cho t\u1ed1c \u0111\u1ed9 s\u1ea1c nhanh ch\u00f3ng. S\u1ea3n ph\u1ea9m ch\u00ednh h\u00e3ng Apple, nguy\u00ean seal [&#8230;]\n","protected":false},"featured_media":226,"comment_status":"open","ping_status":"closed","template":"","meta":[],"product_brand":[],"product_cat":[25],"product_tag":[],"class_list":{"0":"post-217","1":"product","2":"type-product","3":"status-publish","4":"has-post-thumbnail","6":"product_cat-cu-sac","8":"first","9":"instock","10":"shipping-taxable","11":"purchasable","12":"product-type-simple"},"_links":{"self":[{"href":"https:\/\/meeplus.id.vn\/index.php\/wp-json\/wp\/v2\/product\/217","targetHints":{"allow":["GET"]}}],"collection":[{"href":"https:\/\/meeplus.id.vn\/index.php\/wp-json\/wp\/v2\/product"}],"about":[{"href":"https:\/\/meeplus.id.vn\/index.php\/wp-json\/wp\/v2\/types\/product"}],"replies":[{"embeddable":true,"href":"https:\/\/meeplus.id.vn\/index.php\/wp-json\/wp\/v2\/comments?post=217"}],"wp:featuredmedia":[{"embeddable":true,"href":"https:\/\/meeplus.id.vn\/index.php\/wp-json\/wp\/v2\/media\/226"}],"wp:attachment":[{"href":"https:\/\/meeplus.id.vn\/index.php\/wp-json\/wp\/v2\/media?parent=217"}],"wp:term":[{"taxonomy":"product_brand","embeddable":true,"href":"https:\/\/meeplus.id.vn\/index.php\/wp-json\/wp\/v2\/product_brand?post=217"},{"taxonomy":"product_cat","embeddable":true,"href":"https:\/\/meeplus.id.vn\/index.php\/wp-json\/wp\/v2\/product_cat?post=217"},{"taxonomy":"product_tag","embeddable":true,"href":"https:\/\/meeplus.id.vn\/index.php\/wp-json\/wp\/v2\/product_tag?post=217"}],"curies":[{"name":"wp","href":"https:\/\/api.w.org\/{rel}","templated":true}]}}