{"id":188,"date":"2026-03-31T07:42:33","date_gmt":"2026-03-31T00:42:33","guid":{"rendered":"https:\/\/meeplus.id.vn\/?post_type=product&#038;p=188"},"modified":"2026-03-31T07:58:25","modified_gmt":"2026-03-31T00:58:25","slug":"pin-du-phong-khong-day-baseus-enerfill-fm12-qi2-10000mah-22-5w-sac-khong-day-qi2-15w","status":"publish","type":"product","link":"https:\/\/meeplus.id.vn\/index.php\/san-pham\/pin-du-phong-khong-day-baseus-enerfill-fm12-qi2-10000mah-22-5w-sac-khong-day-qi2-15w\/","title":{"rendered":"Pin D\u1ef1 Ph\u00f2ng Kh\u00f4ng D\u00e2y Baseus EnerFill FM12 Qi2 10000mAh 22.5W (S\u1ea1c Kh\u00f4ng D\u00e2y Qi2 15W)"},"content":{"rendered":"<p>\u0110i\u1ec3m nh\u1ea5n \u0111\u1eaft gi\u00e1 c\u1ee7a Baseus Enerfill FM12 ch\u00ednh l\u00e0 s\u1ee3i c\u00e1p USB-C \u0111\u01b0\u1ee3c t\u00edch h\u1ee3p ngay tr\u00ean th\u00e2n pin. B\u1ea1n s\u1ebd kh\u00f4ng bao gi\u1edd ph\u1ea3i lo l\u1eafng v\u1ec1 vi\u1ec7c qu\u00ean mang theo c\u00e1p s\u1ea1c. S\u1ee3i c\u00e1p n\u00e0y h\u1ed7 tr\u1ee3 s\u1ea1c nhanh Super Fast Charging v\u1edbi c\u00f4ng su\u1ea5t l\u00ean \u0111\u1ebfn 22.5W, \u0111\u1ed3ng th\u1eddi c\u0169ng c\u00f3 th\u1ec3 d\u00f9ng \u0111\u1ec3 s\u1ea1c l\u1ea1i cho ch\u00ednh vi\u00ean pin.<\/p>\n<p>C\u00f4ng Ngh\u1ec7 S\u1ea1c Kh\u00f4ng D\u00e2y T\u1eeb T\u00ednh Qi2<br \/>\nTr\u1ea3i nghi\u1ec7m s\u1ef1 ti\u1ec7n l\u1ee3i c\u1ee7a s\u1ea1c kh\u00f4ng d\u00e2y th\u1ebf h\u1ec7 m\u1edbi v\u1edbi chu\u1ea9n Qi2. Ch\u1ec9 c\u1ea7n \u0111\u1eb7t \u0111i\u1ec7n tho\u1ea1i l\u00ean b\u1ec1 m\u1eb7t pin, l\u1ef1c h\u00fat nam ch\u00e2m m\u1ea1nh m\u1ebd s\u1ebd gi\u1eef thi\u1ebft b\u1ecb ch\u1eafc ch\u1eafn v\u00e0 t\u1ed1i \u01b0u h\u00f3a v\u1ecb tr\u00ed s\u1ea1c, cung c\u1ea5p c\u00f4ng su\u1ea5t l\u00ean \u0111\u1ebfn 15W m\u1ed9t c\u00e1ch \u1ed5n \u0111\u1ecbnh v\u00e0 hi\u1ec7u qu\u1ea3.<\/p>\n<p>C\u00f4ng Su\u1ea5t M\u1ea1nh M\u1ebd, S\u1ea1c \u0110a N\u0103ng<br \/>\nNgo\u00e0i s\u1ea1c kh\u00f4ng d\u00e2y v\u00e0 c\u00e1p t\u00edch h\u1ee3p, pin c\u00f2n trang b\u1ecb m\u1ed9t c\u1ed5ng USB-C r\u1eddi h\u1ed7 tr\u1ee3 s\u1ea1c nhanh Power Delivery 20W. B\u1ea1n c\u00f3 th\u1ec3 d\u1ec5 d\u00e0ng s\u1ea1c c\u00f9ng l\u00fac nhi\u1ec1u thi\u1ebft b\u1ecb, \u0111\u00e1p \u1ee9ng m\u1ecdi nhu c\u1ea7u s\u1eed d\u1ee5ng.<\/p>\n<p>Thi\u1ebft K\u1ebf G\u1ecdn Nh\u1eb9, T\u1ed1i \u01afu Di Chuy\u1ec3n<br \/>\nV\u1edbi dung l\u01b0\u1ee3ng 10,000mAh, Baseus Enerfill FM12 cung c\u1ea5p \u0111\u1ee7 n\u0103ng l\u01b0\u1ee3ng cho c\u1ea3 ng\u00e0y d\u00e0i nh\u01b0ng v\u1eabn gi\u1eef \u0111\u01b0\u1ee3c k\u00edch th\u01b0\u1edbc nh\u1ecf g\u1ecdn, d\u1ec5 d\u00e0ng c\u1ea7m n\u1eafm ho\u1eb7c b\u1ecf v\u00e0o t\u00fai x\u00e1ch, balo.<\/p>\n<p>An To\u00e0n v\u00e0 T\u01b0\u01a1ng Th\u00edch R\u1ed9ng<br \/>\nS\u1ea3n ph\u1ea9m \u0111\u01b0\u1ee3c trang b\u1ecb chip qu\u1ea3n l\u00fd n\u0103ng l\u01b0\u1ee3ng th\u00f4ng minh, b\u1ea3o v\u1ec7 thi\u1ebft b\u1ecb c\u1ee7a b\u1ea1n kh\u1ecfi c\u00e1c r\u1ee7i ro nh\u01b0 qu\u00e1 d\u00f2ng, qu\u00e1 nhi\u1ec7t, hay ng\u1eafn m\u1ea1ch. Pin t\u01b0\u01a1ng th\u00edch v\u1edbi h\u1ea7u h\u1ebft c\u00e1c thi\u1ebft b\u1ecb di \u0111\u1ed9ng tr\u00ean th\u1ecb tr\u01b0\u1eddng.<\/p>\n","protected":false},"excerpt":{"rendered":"<p>\u0110i\u1ec3m nh\u1ea5n \u0111\u1eaft gi\u00e1 c\u1ee7a Baseus Enerfill FM12 ch\u00ednh l\u00e0 s\u1ee3i c\u00e1p USB-C \u0111\u01b0\u1ee3c t\u00edch h\u1ee3p ngay tr\u00ean th\u00e2n pin. B\u1ea1n s\u1ebd kh\u00f4ng bao gi\u1edd ph\u1ea3i lo l\u1eafng v\u1ec1 vi\u1ec7c qu\u00ean mang theo c\u00e1p s\u1ea1c. S\u1ee3i c\u00e1p n\u00e0y h\u1ed7 tr\u1ee3 s\u1ea1c nhanh Super Fast Charging v\u1edbi c\u00f4ng su\u1ea5t l\u00ean \u0111\u1ebfn 22.5W, \u0111\u1ed3ng th\u1eddi c\u0169ng c\u00f3 [&#8230;]\n","protected":false},"featured_media":205,"comment_status":"open","ping_status":"closed","template":"","meta":[],"product_brand":[],"product_cat":[24],"product_tag":[],"class_list":{"0":"post-188","1":"product","2":"type-product","3":"status-publish","4":"has-post-thumbnail","6":"product_cat-sac-du-phong","8":"first","9":"instock","10":"sale","11":"shipping-taxable","12":"purchasable","13":"product-type-variable"},"_links":{"self":[{"href":"https:\/\/meeplus.id.vn\/index.php\/wp-json\/wp\/v2\/product\/188","targetHints":{"allow":["GET"]}}],"collection":[{"href":"https:\/\/meeplus.id.vn\/index.php\/wp-json\/wp\/v2\/product"}],"about":[{"href":"https:\/\/meeplus.id.vn\/index.php\/wp-json\/wp\/v2\/types\/product"}],"replies":[{"embeddable":true,"href":"https:\/\/meeplus.id.vn\/index.php\/wp-json\/wp\/v2\/comments?post=188"}],"wp:featuredmedia":[{"embeddable":true,"href":"https:\/\/meeplus.id.vn\/index.php\/wp-json\/wp\/v2\/media\/205"}],"wp:attachment":[{"href":"https:\/\/meeplus.id.vn\/index.php\/wp-json\/wp\/v2\/media?parent=188"}],"wp:term":[{"taxonomy":"product_brand","embeddable":true,"href":"https:\/\/meeplus.id.vn\/index.php\/wp-json\/wp\/v2\/product_brand?post=188"},{"taxonomy":"product_cat","embeddable":true,"href":"https:\/\/meeplus.id.vn\/index.php\/wp-json\/wp\/v2\/product_cat?post=188"},{"taxonomy":"product_tag","embeddable":true,"href":"https:\/\/meeplus.id.vn\/index.php\/wp-json\/wp\/v2\/product_tag?post=188"}],"curies":[{"name":"wp","href":"https:\/\/api.w.org\/{rel}","templated":true}]}}