{"id":181,"date":"2026-03-31T07:38:22","date_gmt":"2026-03-31T00:38:22","guid":{"rendered":"https:\/\/meeplus.id.vn\/?post_type=product&#038;p=181"},"modified":"2026-03-31T07:57:31","modified_gmt":"2026-03-31T00:57:31","slug":"pin-sac-du-phong-10000mah-khong-day-magnetic-qi2-2-type-c-pd-45w-baseus-picogo-am61-e0028v-kem-cap-type-c","status":"publish","type":"product","link":"https:\/\/meeplus.id.vn\/index.php\/san-pham\/pin-sac-du-phong-10000mah-khong-day-magnetic-qi2-2-type-c-pd-45w-baseus-picogo-am61-e0028v-kem-cap-type-c\/","title":{"rendered":"Pin s\u1ea1c d\u1ef1 ph\u00f2ng 10000mAh Kh\u00f4ng d\u00e2y Magnetic Qi2.2 Type C PD 45W Baseus PicoGo AM61 E0028V k\u00e8m C\u00e1p Type C"},"content":{"rendered":"<p>Dung l\u01b0\u1ee3ng pin:<br \/>\n10000 mAh<br \/>\nHi\u1ec7u su\u1ea5t s\u1ea1c:<br \/>\n60%<br \/>\nL\u00f5i pin:<br \/>\nLi-Ion<br \/>\nC\u00f4ng ngh\u1ec7\/Ti\u1ec7n \u00edch:<br \/>\nS\u1ea1c chu\u1ea9n CE<br \/>\nS\u1ea1c kh\u00f4ng d\u00e2y chu\u1ea9n Qi2.2<br \/>\nK\u00e8m c\u00e1p Type C<br \/>\nPower Delivery<br \/>\nTh\u1eddi gian s\u1ea1c \u0111\u1ea7y pin:<br \/>\nKho\u1ea3ng 3 &#8211; 4 gi\u1edd (d\u00f9ng Adapter 30W)<br \/>\nNgu\u1ed3n ra:<br \/>\nS\u1ea1c kh\u00f4ng d\u00e2y: 5W &#8211; 7.5W &#8211; 10W &#8211; 15W &#8211; 25W<br \/>\nType C\/ C\u00e1p Type C: 5V &#8211; 3A, 9V &#8211; 3A, 12V &#8211; 2.5A, 15V &#8211; 3A, 20V &#8211; 2.25A, 10V &#8211; 2.25A (Max 45W)<br \/>\nNgu\u1ed3n v\u00e0o:<br \/>\nType C\/ C\u00e1p Type C: 5V &#8211; 3A, 9V &#8211; 3A, 12V &#8211; 2.5A, 15V &#8211; 2A (30W max)<br \/>\nK\u00edch th\u01b0\u1edbc:<br \/>\nD\u00e0y 1.9 cm &#8211; R\u1ed9ng 6.9 cm &#8211; D\u00e0i 10.8 cm<br \/>\nKh\u1ed1i l\u01b0\u1ee3ng:<br \/>\n209 g<br \/>\nTh\u01b0\u01a1ng hi\u1ec7u c\u1ee7a:<br \/>\nTrung Qu\u1ed1c<br \/>\nS\u1ea3n xu\u1ea5t t\u1ea1i:<br \/>\nTrung Qu\u1ed1c<br \/>\nH\u00e3ng:<br \/>\nBaseus.<\/p>\n","protected":false},"excerpt":{"rendered":"<p>Dung l\u01b0\u1ee3ng pin: 10000 mAh Hi\u1ec7u su\u1ea5t s\u1ea1c: 60% L\u00f5i pin: Li-Ion C\u00f4ng ngh\u1ec7\/Ti\u1ec7n \u00edch: S\u1ea1c chu\u1ea9n CE S\u1ea1c kh\u00f4ng d\u00e2y chu\u1ea9n Qi2.2 K\u00e8m c\u00e1p Type C Power Delivery Th\u1eddi gian s\u1ea1c \u0111\u1ea7y pin: Kho\u1ea3ng 3 &#8211; 4 gi\u1edd (d\u00f9ng Adapter 30W) Ngu\u1ed3n ra: S\u1ea1c kh\u00f4ng d\u00e2y: 5W &#8211; 7.5W &#8211; 10W &#8211; 15W &#8211; [&#8230;]\n","protected":false},"featured_media":210,"comment_status":"open","ping_status":"closed","template":"","meta":[],"product_brand":[],"product_cat":[24],"product_tag":[],"class_list":{"0":"post-181","1":"product","2":"type-product","3":"status-publish","4":"has-post-thumbnail","6":"product_cat-sac-du-phong","8":"first","9":"instock","10":"sale","11":"shipping-taxable","12":"purchasable","13":"product-type-simple"},"_links":{"self":[{"href":"https:\/\/meeplus.id.vn\/index.php\/wp-json\/wp\/v2\/product\/181","targetHints":{"allow":["GET"]}}],"collection":[{"href":"https:\/\/meeplus.id.vn\/index.php\/wp-json\/wp\/v2\/product"}],"about":[{"href":"https:\/\/meeplus.id.vn\/index.php\/wp-json\/wp\/v2\/types\/product"}],"replies":[{"embeddable":true,"href":"https:\/\/meeplus.id.vn\/index.php\/wp-json\/wp\/v2\/comments?post=181"}],"wp:featuredmedia":[{"embeddable":true,"href":"https:\/\/meeplus.id.vn\/index.php\/wp-json\/wp\/v2\/media\/210"}],"wp:attachment":[{"href":"https:\/\/meeplus.id.vn\/index.php\/wp-json\/wp\/v2\/media?parent=181"}],"wp:term":[{"taxonomy":"product_brand","embeddable":true,"href":"https:\/\/meeplus.id.vn\/index.php\/wp-json\/wp\/v2\/product_brand?post=181"},{"taxonomy":"product_cat","embeddable":true,"href":"https:\/\/meeplus.id.vn\/index.php\/wp-json\/wp\/v2\/product_cat?post=181"},{"taxonomy":"product_tag","embeddable":true,"href":"https:\/\/meeplus.id.vn\/index.php\/wp-json\/wp\/v2\/product_tag?post=181"}],"curies":[{"name":"wp","href":"https:\/\/api.w.org\/{rel}","templated":true}]}}