{"id":174,"date":"2026-03-31T07:30:30","date_gmt":"2026-03-31T00:30:30","guid":{"rendered":"https:\/\/meeplus.id.vn\/?post_type=product&#038;p=174"},"modified":"2026-03-31T07:30:30","modified_gmt":"2026-03-31T00:30:30","slug":"pin-sac-du-phong-20000mah-type-c-pd-qc-3-0-165w-ugreen-pb726-kem-cap-day-rut-type-c","status":"publish","type":"product","link":"https:\/\/meeplus.id.vn\/index.php\/san-pham\/pin-sac-du-phong-20000mah-type-c-pd-qc-3-0-165w-ugreen-pb726-kem-cap-day-rut-type-c\/","title":{"rendered":"Pin s\u1ea1c d\u1ef1 ph\u00f2ng 20000mAh Type C PD QC 3.0 165W Ugreen PB726 k\u00e8m C\u00e1p d\u00e2y r\u00fat Type C"},"content":{"rendered":"<p>Dung l\u01b0\u1ee3ng pin:<br \/>\n20000 mAh<br \/>\nHi\u1ec7u su\u1ea5t s\u1ea1c:<br \/>\n58%<br \/>\nL\u00f5i pin:<br \/>\nLi-Ion<br \/>\nC\u00f4ng ngh\u1ec7\/Ti\u1ec7n \u00edch:<br \/>\nK\u00e8m c\u00e1p d\u00e2y r\u00fat Type-C<br \/>\nS\u1ea1c chu\u1ea9n CE<br \/>\nKi\u1ec3m so\u00e1t nhi\u1ec7t \u0111\u1ed9, Ch\u1ed1ng qu\u00e1 t\u1ea3i<br \/>\nM\u00e0n h\u00ecnh LED b\u00e1o hi\u1ec7u<br \/>\nQuick Charge 3.0<br \/>\nPower Delivery 3.1<br \/>\nTh\u1eddi gian s\u1ea1c \u0111\u1ea7y pin:<br \/>\n2 gi\u1edd (d\u00f9ng Adapter v\u00e0 c\u00e1p 100 W)<br \/>\nNgu\u1ed3n ra:<br \/>\nUSB-A: 5V &#8211; 3A, 9V &#8211; 2A, 12V &#8211; 1.5A, 10V &#8211; 2.25A (22.5W max)<br \/>\nType C\/ C\u00e1p Type C: 10V &#8211; 2.25A, 5V &#8211; 3A, 9V &#8211; 3A, 12V &#8211; 3A, 15V &#8211; 3A, 20V &#8211; 5A (Max 100W)<br \/>\nC\u00e1p Type-C + Type-C: 165W<br \/>\nNgu\u1ed3n v\u00e0o:<br \/>\nType C\/ C\u00e1p Type C: 5V &#8211; 3A, 9V &#8211; 3A, 12V &#8211; 3A, 15V &#8211; 3A, 20V &#8211; 5A (Max 100W)<br \/>\nK\u00edch th\u01b0\u1edbc:<br \/>\nD\u00e0i 14.6 cm &#8211; R\u1ed9ng 5.4 cm &#8211; D\u00e0y 5 cm<br \/>\nKh\u1ed1i l\u01b0\u1ee3ng:<br \/>\n530 g<br \/>\nTh\u01b0\u01a1ng hi\u1ec7u c\u1ee7a:<br \/>\nTrung Qu\u1ed1c<br \/>\nS\u1ea3n xu\u1ea5t t\u1ea1i:<br \/>\nTrung Qu\u1ed1c<br \/>\nH\u00e3ng:<br \/>\nUgreen.<\/p>\n","protected":false},"excerpt":{"rendered":"<p>Dung l\u01b0\u1ee3ng pin: 20000 mAh Hi\u1ec7u su\u1ea5t s\u1ea1c: 58% L\u00f5i pin: Li-Ion C\u00f4ng ngh\u1ec7\/Ti\u1ec7n \u00edch: K\u00e8m c\u00e1p d\u00e2y r\u00fat Type-C S\u1ea1c chu\u1ea9n CE Ki\u1ec3m so\u00e1t nhi\u1ec7t \u0111\u1ed9, Ch\u1ed1ng qu\u00e1 t\u1ea3i M\u00e0n h\u00ecnh LED b\u00e1o hi\u1ec7u Quick Charge 3.0 Power Delivery 3.1 Th\u1eddi gian s\u1ea1c \u0111\u1ea7y pin: 2 gi\u1edd (d\u00f9ng Adapter v\u00e0 c\u00e1p 100 W) Ngu\u1ed3n [&#8230;]\n","protected":false},"featured_media":179,"comment_status":"open","ping_status":"closed","template":"","meta":[],"product_brand":[],"product_cat":[24],"product_tag":[],"class_list":{"0":"post-174","1":"product","2":"type-product","3":"status-publish","4":"has-post-thumbnail","6":"product_cat-sac-du-phong","8":"first","9":"instock","10":"sale","11":"shipping-taxable","12":"purchasable","13":"product-type-simple"},"_links":{"self":[{"href":"https:\/\/meeplus.id.vn\/index.php\/wp-json\/wp\/v2\/product\/174","targetHints":{"allow":["GET"]}}],"collection":[{"href":"https:\/\/meeplus.id.vn\/index.php\/wp-json\/wp\/v2\/product"}],"about":[{"href":"https:\/\/meeplus.id.vn\/index.php\/wp-json\/wp\/v2\/types\/product"}],"replies":[{"embeddable":true,"href":"https:\/\/meeplus.id.vn\/index.php\/wp-json\/wp\/v2\/comments?post=174"}],"wp:featuredmedia":[{"embeddable":true,"href":"https:\/\/meeplus.id.vn\/index.php\/wp-json\/wp\/v2\/media\/179"}],"wp:attachment":[{"href":"https:\/\/meeplus.id.vn\/index.php\/wp-json\/wp\/v2\/media?parent=174"}],"wp:term":[{"taxonomy":"product_brand","embeddable":true,"href":"https:\/\/meeplus.id.vn\/index.php\/wp-json\/wp\/v2\/product_brand?post=174"},{"taxonomy":"product_cat","embeddable":true,"href":"https:\/\/meeplus.id.vn\/index.php\/wp-json\/wp\/v2\/product_cat?post=174"},{"taxonomy":"product_tag","embeddable":true,"href":"https:\/\/meeplus.id.vn\/index.php\/wp-json\/wp\/v2\/product_tag?post=174"}],"curies":[{"name":"wp","href":"https:\/\/api.w.org\/{rel}","templated":true}]}}