{"id":141,"date":"2026-03-31T06:24:13","date_gmt":"2026-03-30T23:24:13","guid":{"rendered":"https:\/\/meeplus.id.vn\/?post_type=product&#038;p=141"},"modified":"2026-03-31T07:19:47","modified_gmt":"2026-03-31T00:19:47","slug":"op-lung-galaxy-z-fold7-samsung-carbon-shield-chinh-hang","status":"publish","type":"product","link":"https:\/\/meeplus.id.vn\/index.php\/san-pham\/op-lung-galaxy-z-fold7-samsung-carbon-shield-chinh-hang\/","title":{"rendered":"\u1ed0p l\u01b0ng Galaxy Z Fold7 SAMSUNG Carbon Shield Ch\u00ednh h\u00e3ng"},"content":{"rendered":"<p>Khi Samsung Galaxy Z Fold7 l\u00e0 m\u1ed9t si\u00eau ph\u1ea9m g\u1eadp m\u1edbi nh\u1ea5t ra m\u1eaft th\u00ec vi\u1ec7c b\u1ea3o v\u1ec7 t\u1ed1t \u0111i\u1ec7n tho\u1ea1i l\u00e0 t\u1ed1i quan tr\u1ecdng. \u1ed0p L\u01b0ng Galaxy Z Fold7 SAMSUNG Carbon Shield l\u00e0 s\u1ef1 l\u1ef1a ch\u1ecdn ho\u00e0n h\u1ea3o, k\u1ebft h\u1ee3p kh\u1ea3 n\u0103ng ch\u1ed1ng s\u1ed1c v\u01b0\u1ee3t tr\u1ed9i v\u1edbi thi\u1ebft k\u1ebf \u0111\u1eb3ng c\u1ea5p. Chi\u1ebfc \u1ed1p n\u00e0y kh\u00f4ng ch\u1ec9 l\u00e0 m\u1ed9t ph\u1ee5 ki\u1ec7n m\u00e0 c\u00f2n l\u00e0 l\u1edbp \u00e1o gi\u00e1p tinh t\u1ebf, b\u1ea3o v\u1ec7 Z Fold7 \u0111\u1eaft gi\u00e1 c\u1ee7a b\u1ea1n kh\u1ecfi m\u1ecdi t\u00e1c \u0111\u1ed9ng kh\u00f4ng mong mu\u1ed1n.<br \/>\n\u2022 \u0110\u01b0\u1ee3c ch\u1ebf t\u00e1c t\u1eeb s\u1ee3i carbon cao c\u1ea5p, \u1ed1p l\u01b0ng Carbon Shield n\u1ed5i b\u1eadt v\u1edbi tr\u1ecdng l\u01b0\u1ee3ng si\u00eau nh\u1eb9 nh\u01b0ng s\u1edf h\u1eefu \u0111\u1ed9 b\u1ec1n b\u1ec9 \u0111\u00e1ng kinh ng\u1ea1c. V\u1eadt li\u1ec7u n\u00e0y c\u00f3 kh\u1ea3 n\u0103ng ch\u1ecbu l\u1ef1c k\u00e9o v\u00e0 va \u0111\u1eadp v\u01b0\u1ee3t tr\u1ed9i, h\u1ea5p th\u1ee5 v\u00e0 ph\u00e2n t\u00e1n l\u1ef1c t\u00e1c \u0111\u1ed9ng hi\u1ec7u qu\u1ea3, gi\u1ea3m thi\u1ec3u r\u1ee7i ro h\u01b0 h\u1ea1i cho Galaxy Z Fold7. L\u1edbp v\u1ecf \u1ed1p l\u01b0ng \u0111i\u1ec7n tho\u1ea1i Samsung c\u1ee9ng c\u00e1p n\u00e0y c\u0169ng l\u00e0 r\u00e0o c\u1ea3n v\u1eefng ch\u1eafc, b\u1ea3o v\u1ec7 b\u1ec1 m\u1eb7t \u0111i\u1ec7n tho\u1ea1i kh\u1ecfi nh\u1eefng v\u1ebft tr\u1ea7y x\u01b0\u1edbc kh\u00f4ng mong mu\u1ed1n.<\/p>\n<p>\u2022 Kh\u00f4ng ch\u1ec9 m\u1ea1nh m\u1ebd v\u1ec1 b\u1ea3o v\u1ec7, \u1ed1p l\u01b0ng Samsung Galaxy Z Fold 7 c\u00f2n l\u00e0 m\u1ed9t ph\u1ee5 ki\u1ec7n th\u1eddi trang \u0111\u1eb3ng c\u1ea5p v\u1edbi m\u00e0u \u0111en tuy\u1ec1n l\u1ecbch l\u00e3m. B\u1ec1 m\u1eb7t s\u1ee3i carbon v\u1edbi c\u00e1c v\u00e2n \u0111\u1eb7c tr\u01b0ng kh\u00f4ng ch\u1ec9 mang l\u1ea1i v\u1ebb ngo\u00e0i hi\u1ec7n \u0111\u1ea1i, m\u1ea1nh m\u1ebd m\u00e0 c\u00f2n t\u1ea1o c\u1ea3m gi\u00e1c c\u1ea7m n\u1eafm ch\u1eafc ch\u1eafn, ch\u1ed1ng b\u00e1m v\u00e2n tay hi\u1ec7u qu\u1ea3. Thi\u1ebft k\u1ebf tinh x\u1ea3o, \u00f4m s\u00e1t t\u1eebng \u0111\u01b0\u1eddng n\u00e9t c\u1ee7a \u0111i\u1ec7n tho\u1ea1i, t\u1ea1o n\u00ean t\u1ed5ng th\u1ec3 li\u1ec1n m\u1ea1ch, kh\u00f4ng l\u00e0m m\u1ea5t \u0111i v\u1ebb thanh tho\u00e1t c\u1ee7a Samsung Galaxy Z Fold 7 512GB.<\/p>\n<p>\u2022 L\u00e0 s\u1ea3n ph\u1ea9m ch\u00ednh h\u00e3ng c\u1ee7a Samsung, \u1ed1p l\u01b0ng \u0111i\u1ec7n tho\u1ea1i n\u00e0y \u0111\u01b0\u1ee3c thi\u1ebft k\u1ebf v\u1edbi \u0111\u1ed9 ch\u00ednh x\u00e1c tuy\u1ec7t \u0111\u1ed1i, \u0111\u1ea3m b\u1ea3o t\u01b0\u01a1ng th\u00edch ho\u00e0n h\u1ea3o v\u1edbi m\u1ecdi chi ti\u1ebft c\u1ee7a Samsung Galaxy Z Fold 7. C\u00e1c \u0111\u01b0\u1eddng c\u1eaft t\u1ec9 m\u1ec9 cho c\u1ed5ng s\u1ea1c, loa v\u00e0 n\u00fat b\u1ea5m gi\u00fap b\u1ea1n truy c\u1eadp m\u1ecdi ch\u1ee9c n\u0103ng d\u1ec5 d\u00e0ng. Thi\u1ebft k\u1ebf \u00f4m s\u00e1t v\u00e0 vi\u1ec1n n\u00e2ng cao nh\u1eb9 nh\u00e0ng gi\u00fap b\u1ea3o v\u1ec7 to\u00e0n di\u1ec7n m\u00e0n h\u00ecnh v\u00e0 c\u1ee5m camera, cho ph\u00e9p b\u1ea1n y\u00ean t\u00e2m t\u1eadn h\u01b0\u1edfng m\u1ecdi tr\u1ea3i nghi\u1ec7m<\/p>\n","protected":false},"excerpt":{"rendered":"<p>Khi Samsung Galaxy Z Fold7 l\u00e0 m\u1ed9t si\u00eau ph\u1ea9m g\u1eadp m\u1edbi nh\u1ea5t ra m\u1eaft th\u00ec vi\u1ec7c b\u1ea3o v\u1ec7 t\u1ed1t \u0111i\u1ec7n tho\u1ea1i l\u00e0 t\u1ed1i quan tr\u1ecdng. \u1ed0p L\u01b0ng Galaxy Z Fold7 SAMSUNG Carbon Shield l\u00e0 s\u1ef1 l\u1ef1a ch\u1ecdn ho\u00e0n h\u1ea3o, k\u1ebft h\u1ee3p kh\u1ea3 n\u0103ng ch\u1ed1ng s\u1ed1c v\u01b0\u1ee3t tr\u1ed9i v\u1edbi thi\u1ebft k\u1ebf \u0111\u1eb3ng c\u1ea5p. Chi\u1ebfc \u1ed1p n\u00e0y [&#8230;]\n","protected":false},"featured_media":165,"comment_status":"open","ping_status":"closed","template":"","meta":[],"product_brand":[23],"product_cat":[18,20],"product_tag":[],"class_list":{"0":"post-141","1":"product","2":"type-product","3":"status-publish","4":"has-post-thumbnail","6":"product_brand-samsung","7":"product_cat-op-lung","8":"product_cat-samsung","10":"first","11":"instock","12":"sale","13":"shipping-taxable","14":"purchasable","15":"product-type-simple"},"_links":{"self":[{"href":"https:\/\/meeplus.id.vn\/index.php\/wp-json\/wp\/v2\/product\/141","targetHints":{"allow":["GET"]}}],"collection":[{"href":"https:\/\/meeplus.id.vn\/index.php\/wp-json\/wp\/v2\/product"}],"about":[{"href":"https:\/\/meeplus.id.vn\/index.php\/wp-json\/wp\/v2\/types\/product"}],"replies":[{"embeddable":true,"href":"https:\/\/meeplus.id.vn\/index.php\/wp-json\/wp\/v2\/comments?post=141"}],"wp:featuredmedia":[{"embeddable":true,"href":"https:\/\/meeplus.id.vn\/index.php\/wp-json\/wp\/v2\/media\/165"}],"wp:attachment":[{"href":"https:\/\/meeplus.id.vn\/index.php\/wp-json\/wp\/v2\/media?parent=141"}],"wp:term":[{"taxonomy":"product_brand","embeddable":true,"href":"https:\/\/meeplus.id.vn\/index.php\/wp-json\/wp\/v2\/product_brand?post=141"},{"taxonomy":"product_cat","embeddable":true,"href":"https:\/\/meeplus.id.vn\/index.php\/wp-json\/wp\/v2\/product_cat?post=141"},{"taxonomy":"product_tag","embeddable":true,"href":"https:\/\/meeplus.id.vn\/index.php\/wp-json\/wp\/v2\/product_tag?post=141"}],"curies":[{"name":"wp","href":"https:\/\/api.w.org\/{rel}","templated":true}]}}