{"id":134,"date":"2026-03-31T06:20:58","date_gmt":"2026-03-30T23:20:58","guid":{"rendered":"https:\/\/meeplus.id.vn\/?post_type=product&#038;p=134"},"modified":"2026-03-31T07:19:11","modified_gmt":"2026-03-31T00:19:11","slug":"op-lung-magsafe-iphone-17-pro-max-techwoven-apple","status":"publish","type":"product","link":"https:\/\/meeplus.id.vn\/index.php\/san-pham\/op-lung-magsafe-iphone-17-pro-max-techwoven-apple\/","title":{"rendered":"\u1ed0p l\u01b0ng MagSafe iPhone 17 Pro Max TechWoven Apple"},"content":{"rendered":"<p>\u1ed0p l\u01b0ng iPhone 17 Pro Max MagSafe &#8211; TechWoven Edition<br \/>\nN\u00e2ng t\u1ea7m tr\u1ea3i nghi\u1ec7m v\u00e0 b\u1ea3o v\u1ec7 tuy\u1ec7t \u0111\u1ed1i cho si\u00eau ph\u1ea9m iPhone 17 Pro Max v\u1edbi d\u00f2ng \u1ed1p l\u01b0ng TechWoven th\u1ebf h\u1ec7 m\u1edbi. \u0110\u00e2y l\u00e0 s\u1ef1 k\u1ebft h\u1ee3p ho\u00e0n h\u1ea3o gi\u1eefa c\u00f4ng ngh\u1ec7 d\u1ec7t k\u1ef9 thu\u1eadt cao v\u00e0 t\u00ednh th\u1ea9m m\u1ef9 b\u1ec1n v\u1eefng, mang l\u1ea1i di\u1ec7n m\u1ea1o sang tr\u1ecdng nh\u01b0ng kh\u00f4ng k\u00e9m ph\u1ea7n b\u1ec1n b\u1ec9.<\/p>\n<p>Ch\u1ea5t li\u1ec7u TechWoven cao c\u1ea5p: \u0110\u01b0\u1ee3c ch\u1ebf t\u00e1c t\u1eeb c\u00e1c s\u1ee3i v\u1ea3i d\u1ec7t si\u00eau m\u1ea3nh v\u1edbi m\u1eadt \u0111\u1ed9 cao, b\u1ec1 m\u1eb7t \u1ed1p mang l\u1ea1i c\u1ea3m gi\u00e1c c\u1ea7m n\u1eafm m\u1ec1m m\u1ea1i, \u00eam \u00e1i nh\u01b0ng c\u1ef1c k\u1ef3 b\u00e1m tay. Ch\u1ea5t li\u1ec7u n\u00e0y kh\u00f4ng ch\u1ec9 ch\u1ed1ng tr\u1ea7y x\u01b0\u1edbc hi\u1ec7u qu\u1ea3 m\u00e0 c\u00f2n gi\u00fap gi\u1ea3m thi\u1ec3u d\u1ea5u v\u00e2n tay, gi\u1eef cho thi\u1ebft b\u1ecb lu\u00f4n s\u1ea1ch s\u1ebd nh\u01b0 m\u1edbi.<\/p>\n<p>T\u00edch h\u1ee3p MagSafe ho\u00e0n h\u1ea3o: H\u1ec7 th\u1ed1ng nam ch\u00e2m \u0111\u01b0\u1ee3c c\u0103n ch\u1ec9nh ch\u00ednh x\u00e1c theo ti\u00eau chu\u1ea9n c\u1ee7a iPhone 17 Pro Max, \u0111\u1ea3m b\u1ea3o l\u1ef1c h\u00fat m\u1ea1nh m\u1ebd. B\u1ea1n c\u00f3 th\u1ec3 d\u1ec5 d\u00e0ng k\u1ebft n\u1ed1i v\u1edbi s\u1ea1c kh\u00f4ng d\u00e2y MagSafe, v\u00ed da ho\u1eb7c c\u00e1c ph\u1ee5 ki\u1ec7n t\u1eeb t\u00ednh kh\u00e1c m\u00e0 kh\u00f4ng c\u1ea7n th\u00e1o \u1ed1p, gi\u00fap t\u1ed1i \u01b0u h\u00f3a t\u1ed1c \u0111\u1ed9 s\u1ea1c v\u00e0 s\u1ef1 ti\u1ec7n l\u1ee3i.<\/p>\n<p>Thi\u1ebft k\u1ebf b\u1ea3o v\u1ec7 to\u00e0n di\u1ec7n: D\u00f9 s\u1edf h\u1eefu ki\u1ec3u d\u00e1ng m\u1ecfng nh\u1eb9 \u0111\u1ec3 kh\u00f4ng l\u00e0m m\u1ea5t \u0111i \u0111\u1ed9 thanh tho\u00e1t c\u1ee7a m\u00e1y, TechWoven v\u1eabn \u0111\u1ea3m b\u1ea3o kh\u1ea3 n\u0103ng ch\u1ed1ng va \u0111\u1eadp ti\u00eau chu\u1ea9n. C\u00e1c c\u1ea1nh vi\u1ec1n \u0111\u01b0\u1ee3c n\u00e2ng cao nh\u1eb9 \u0111\u1ec3 b\u1ea3o v\u1ec7 t\u1ed1i \u0111a c\u1ee5m camera l\u1ed3i v\u00e0 m\u00e0n h\u00ecnh ProMotion kh\u1ecfi c\u00e1c b\u1ec1 m\u1eb7t ph\u1eb3ng.<\/p>\n<p>Th\u00e2n thi\u1ec7n v\u1edbi m\u00f4i tr\u01b0\u1eddng: Ti\u1ebfp n\u1ed1i h\u00e0nh tr\u00ecnh xanh, d\u00f2ng TechWoven \u01b0u ti\u00ean s\u1eed d\u1ee5ng v\u1eadt li\u1ec7u t\u00e1i ch\u1ebf, g\u00f3p ph\u1ea7n gi\u1ea3m thi\u1ec3u r\u00e1c th\u1ea3i nh\u1ef1a nh\u01b0ng v\u1eabn duy tr\u00ec \u0111\u1ed9 b\u1ec1n m\u00e0u v\u00e0 c\u1ea5u tr\u00fac s\u1ee3i v\u1ea3i qua th\u1eddi gian d\u00e0i s\u1eed d\u1ee5ng.<\/p>\n","protected":false},"excerpt":{"rendered":"<p>\u1ed0p l\u01b0ng iPhone 17 Pro Max MagSafe &#8211; TechWoven Edition N\u00e2ng t\u1ea7m tr\u1ea3i nghi\u1ec7m v\u00e0 b\u1ea3o v\u1ec7 tuy\u1ec7t \u0111\u1ed1i cho si\u00eau ph\u1ea9m iPhone 17 Pro Max v\u1edbi d\u00f2ng \u1ed1p l\u01b0ng TechWoven th\u1ebf h\u1ec7 m\u1edbi. \u0110\u00e2y l\u00e0 s\u1ef1 k\u1ebft h\u1ee3p ho\u00e0n h\u1ea3o gi\u1eefa c\u00f4ng ngh\u1ec7 d\u1ec7t k\u1ef9 thu\u1eadt cao v\u00e0 t\u00ednh th\u1ea9m m\u1ef9 b\u1ec1n v\u1eefng, mang [&#8230;]\n","protected":false},"featured_media":162,"comment_status":"open","ping_status":"closed","template":"","meta":[],"product_brand":[22],"product_cat":[19,18],"product_tag":[],"class_list":{"0":"post-134","1":"product","2":"type-product","3":"status-publish","4":"has-post-thumbnail","6":"product_brand-apple","7":"product_cat-apple","8":"product_cat-op-lung","10":"first","11":"instock","12":"shipping-taxable","13":"purchasable","14":"product-type-variable","15":"has-default-attributes"},"_links":{"self":[{"href":"https:\/\/meeplus.id.vn\/index.php\/wp-json\/wp\/v2\/product\/134","targetHints":{"allow":["GET"]}}],"collection":[{"href":"https:\/\/meeplus.id.vn\/index.php\/wp-json\/wp\/v2\/product"}],"about":[{"href":"https:\/\/meeplus.id.vn\/index.php\/wp-json\/wp\/v2\/types\/product"}],"replies":[{"embeddable":true,"href":"https:\/\/meeplus.id.vn\/index.php\/wp-json\/wp\/v2\/comments?post=134"}],"wp:featuredmedia":[{"embeddable":true,"href":"https:\/\/meeplus.id.vn\/index.php\/wp-json\/wp\/v2\/media\/162"}],"wp:attachment":[{"href":"https:\/\/meeplus.id.vn\/index.php\/wp-json\/wp\/v2\/media?parent=134"}],"wp:term":[{"taxonomy":"product_brand","embeddable":true,"href":"https:\/\/meeplus.id.vn\/index.php\/wp-json\/wp\/v2\/product_brand?post=134"},{"taxonomy":"product_cat","embeddable":true,"href":"https:\/\/meeplus.id.vn\/index.php\/wp-json\/wp\/v2\/product_cat?post=134"},{"taxonomy":"product_tag","embeddable":true,"href":"https:\/\/meeplus.id.vn\/index.php\/wp-json\/wp\/v2\/product_tag?post=134"}],"curies":[{"name":"wp","href":"https:\/\/api.w.org\/{rel}","templated":true}]}}